{"id":6193,"date":"2022-04-08T16:03:02","date_gmt":"2022-04-08T16:03:02","guid":{"rendered":"http:\/\/almadomus.pt\/?page_id=6193"},"modified":"2022-05-01T21:39:09","modified_gmt":"2022-05-01T21:39:09","slug":"termosecondicoes-2","status":"publish","type":"page","link":"https:\/\/almadomus.pt\/en\/termosecondicoes-2\/","title":{"rendered":"Terms of use"},"content":{"rendered":"<div data-elementor-type=\"wp-page\" data-elementor-id=\"6193\" class=\"elementor elementor-6193\">\n\t\t\t\t\t\t\t\t\t<section class=\"elementor-section elementor-top-section elementor-element elementor-element-3dcb27e6 elementor-section-boxed elementor-section-height-default elementor-section-height-default\" data-id=\"3dcb27e6\" data-element_type=\"section\">\n\t\t\t\t\t\t<div class=\"elementor-container elementor-column-gap-default\">\n\t\t\t\t\t<div class=\"elementor-column elementor-col-100 elementor-top-column elementor-element elementor-element-423feec5\" data-id=\"423feec5\" data-element_type=\"column\">\n\t\t\t<div class=\"elementor-widget-wrap elementor-element-populated\">\n\t\t\t\t\t\t\t\t<div class=\"elementor-element elementor-element-f79355e elementor-widget elementor-widget-heading\" data-id=\"f79355e\" data-element_type=\"widget\" data-settings=\"{&quot;aos_animation_name&quot;:&quot;none&quot;}\" data-widget_type=\"heading.default\">\n\t\t\t\t<div class=\"elementor-widget-container\">\n\t\t\t<style>\/*! elementor - v3.6.6 - 08-06-2022 *\/\n.elementor-heading-title{padding:0;margin:0;line-height:1}.elementor-widget-heading .elementor-heading-title[class*=elementor-size-]>a{color:inherit;font-size:inherit;line-height:inherit}.elementor-widget-heading .elementor-heading-title.elementor-size-small{font-size:15px}.elementor-widget-heading .elementor-heading-title.elementor-size-medium{font-size:19px}.elementor-widget-heading .elementor-heading-title.elementor-size-large{font-size:29px}.elementor-widget-heading .elementor-heading-title.elementor-size-xl{font-size:39px}.elementor-widget-heading .elementor-heading-title.elementor-size-xxl{font-size:59px}<\/style><h3 class=\"elementor-heading-title elementor-size-default\">Terms of use<\/h3>\t\t<\/div>\n\t\t\t\t<\/div>\n\t\t\t\t<div class=\"elementor-element elementor-element-6a5f11b elementor-widget elementor-widget-text-editor\" data-id=\"6a5f11b\" data-element_type=\"widget\" data-settings=\"{&quot;aos_animation_name&quot;:&quot;none&quot;}\" data-widget_type=\"text-editor.default\">\n\t\t\t\t<div class=\"elementor-widget-container\">\n\t\t\t<style>\/*! elementor - v3.6.6 - 08-06-2022 *\/\n.elementor-widget-text-editor.elementor-drop-cap-view-stacked .elementor-drop-cap{background-color:#818a91;color:#fff}.elementor-widget-text-editor.elementor-drop-cap-view-framed .elementor-drop-cap{color:#818a91;border:3px solid;background-color:transparent}.elementor-widget-text-editor:not(.elementor-drop-cap-view-default) .elementor-drop-cap{margin-top:8px}.elementor-widget-text-editor:not(.elementor-drop-cap-view-default) .elementor-drop-cap-letter{width:1em;height:1em}.elementor-widget-text-editor .elementor-drop-cap{float:left;text-align:center;line-height:1;font-size:50px}.elementor-widget-text-editor .elementor-drop-cap-letter{display:inline-block}<\/style>\t\t\t\t<p>Read carefully before using this Alma Domus website. The purpose of this site includes providing consumers with access to information about our projects under development, services we provide to investors looking to increase their real estate assets, as well as an informative newsletter. Information about the company is also provided on this site. To ensure a safe and non-offensive environment for all visitors to this site, we have established these \"Terms of Use\". By accessing any area of almadomus.co.uk you agree to abide by the terms and conditions set out below. If you do not agree to all of the Terms of Use, please do not use this site.<\/p>\t\t\t\t\t\t<\/div>\n\t\t\t\t<\/div>\n\t\t\t\t<div class=\"elementor-element elementor-element-2b0459a elementor-widget elementor-widget-heading\" data-id=\"2b0459a\" data-element_type=\"widget\" data-settings=\"{&quot;aos_animation_name&quot;:&quot;none&quot;}\" data-widget_type=\"heading.default\">\n\t\t\t\t<div class=\"elementor-widget-container\">\n\t\t\t<h5 class=\"elementor-heading-title elementor-size-default\">Copyright Notice<\/h5>\t\t<\/div>\n\t\t\t\t<\/div>\n\t\t\t\t<div class=\"elementor-element elementor-element-b3846b2 elementor-widget elementor-widget-text-editor\" data-id=\"b3846b2\" data-element_type=\"widget\" data-settings=\"{&quot;aos_animation_name&quot;:&quot;none&quot;}\" data-widget_type=\"text-editor.default\">\n\t\t\t\t<div class=\"elementor-widget-container\">\n\t\t\t\t\t\t\t<p>The materials on this site and the organization and layout of this site are copyrighted and are protected by copyright laws. You may access, download, and print materials at this site solely for your personal, non-commercial use. However, any printout of this site, or portions of the site, must include Alma Domus' copyright notice. No right, title, or interest in any of the materials contained on this site is transferred to you as a result of accessing, downloading or printing such materials. Unless otherwise specified, you may not copy, modify, distribute, transmit, display, reproduce, publish, license, create derivative works from, or frame on another site, use on any other site, transfer, or sell any information obtained from this site, without Alma Domus' written permission. The foregoing prohibition expressly includes, but is not limited to, practices of \"screen capture\" or \"database capture\" to obtain user lists, real estate or other information.<\/p>\t\t\t\t\t\t<\/div>\n\t\t\t\t<\/div>\n\t\t\t\t<div class=\"elementor-element elementor-element-173e1c6 elementor-widget elementor-widget-heading\" data-id=\"173e1c6\" data-element_type=\"widget\" data-settings=\"{&quot;aos_animation_name&quot;:&quot;none&quot;}\" data-widget_type=\"heading.default\">\n\t\t\t\t<div class=\"elementor-widget-container\">\n\t\t\t<h5 class=\"elementor-heading-title elementor-size-default\">Links<\/h5>\t\t<\/div>\n\t\t\t\t<\/div>\n\t\t\t\t<div class=\"elementor-element elementor-element-85cf73b elementor-widget elementor-widget-text-editor\" data-id=\"85cf73b\" data-element_type=\"widget\" data-settings=\"{&quot;aos_animation_name&quot;:&quot;none&quot;}\" data-widget_type=\"text-editor.default\">\n\t\t\t\t<div class=\"elementor-widget-container\">\n\t\t\t\t\t\t\t<p>For your convenience, Alma Domus may provide links to various other sites that may be of interest to you. However, we do not control such sites and are not responsible for their content, nor for the accuracy or reliability of any information, data, opinions, advice, or statements contained on such sites. Furthermore, Alma Domus' privacy policy is applicable only to browsing on our site. Once you click a link to another site, you should read the privacy policy of that site before disclosing any personal information. If you decide to access any of the third-party sites from links available on this site, it is your sole responsibility. <\/p>\t\t\t\t\t\t<\/div>\n\t\t\t\t<\/div>\n\t\t\t\t<div class=\"elementor-element elementor-element-cd2863b elementor-widget elementor-widget-heading\" data-id=\"cd2863b\" data-element_type=\"widget\" data-settings=\"{&quot;aos_animation_name&quot;:&quot;none&quot;}\" data-widget_type=\"heading.default\">\n\t\t\t\t<div class=\"elementor-widget-container\">\n\t\t\t<h5 class=\"elementor-heading-title elementor-size-default\">Disclaimer<\/h5>\t\t<\/div>\n\t\t\t\t<\/div>\n\t\t\t\t<div class=\"elementor-element elementor-element-91cf0a7 elementor-widget elementor-widget-text-editor\" data-id=\"91cf0a7\" data-element_type=\"widget\" data-settings=\"{&quot;aos_animation_name&quot;:&quot;none&quot;}\" data-widget_type=\"text-editor.default\">\n\t\t\t\t<div class=\"elementor-widget-container\">\n\t\t\t\t\t\t\t<p>The materials contained in this web site are provided \"as is\" and \"as available\" without representations or warranties of any kind. <br \/>Alma Domus expressly disclaims all such representations and warranties, whether express or implied, including, without limitation, warranties of title, non-infringement or implied warranties of merchantability or fitness for a particular purpose.<br \/>\u00a0Alma Domus does not warrant the accuracy or completeness of the information, text, graphics, links, or other items contained in these materials. <br \/>Alma Domus may make changes to this site at any time without notice. We strive to keep the information on this website accurate and current, but we cannot always guarantee the accuracy, completeness, or timeliness of the same information. <br \/>Information on the website may contain technical inaccuracies or typographical errors. <\/p>\t\t\t\t\t\t<\/div>\n\t\t\t\t<\/div>\n\t\t\t\t<div class=\"elementor-element elementor-element-99b4645 elementor-widget elementor-widget-heading\" data-id=\"99b4645\" data-element_type=\"widget\" data-settings=\"{&quot;aos_animation_name&quot;:&quot;none&quot;}\" data-widget_type=\"heading.default\">\n\t\t\t\t<div class=\"elementor-widget-container\">\n\t\t\t<h5 class=\"elementor-heading-title elementor-size-default\">Updates<\/h5>\t\t<\/div>\n\t\t\t\t<\/div>\n\t\t\t\t<div class=\"elementor-element elementor-element-f3f06c3 elementor-widget elementor-widget-text-editor\" data-id=\"f3f06c3\" data-element_type=\"widget\" data-settings=\"{&quot;aos_animation_name&quot;:&quot;none&quot;}\" data-widget_type=\"text-editor.default\">\n\t\t\t\t<div class=\"elementor-widget-container\">\n\t\t\t\t\t\t\t<p>Alma Domus reserves the right to make changes to the almadomus.co.uk website and these Terms of Use at any time. The revision of these Terms of Use will be updated on this page. You should visit this page occasionally to review the current Terms of Use, because they are binding on you. Your use of this site after any change constitutes your agreement to follow and be bound by the changed Terms of Use. If any change is unacceptable to you, your only recourse is to discontinue use of the site.<\/p>\t\t\t\t\t\t<\/div>\n\t\t\t\t<\/div>\n\t\t\t\t\t<\/div>\n\t\t<\/div>\n\t\t\t\t\t\t\t<\/div>\n\t\t<\/section>\n\t\t\t\t\t\t\t<\/div>","protected":false},"excerpt":{"rendered":"<p>Termos de utiliza\u00e7\u00e3o Leia com aten\u00e7\u00e3o antes de usar este website da Alma Domus. O objetivo deste site inclui fornecer aos consumidores acesso a informa\u00e7\u00f5es sobre os nossos projetos em desenvolvimento, servi\u00e7os que prestamos a investidores que procuram aumentar o seu patrim\u00f3nio imobili\u00e1rio, bem como uma newsletter informativa. Informa\u00e7\u00f5es sobre a empresa tamb\u00e9m s\u00e3o fornecidas [&hellip;]<\/p>","protected":false},"author":1,"featured_media":0,"parent":0,"menu_order":69,"comment_status":"closed","ping_status":"closed","template":"","meta":{"_mi_skip_tracking":false,"_vp_format_video_url":"","_vp_image_focal_point":[],"footnotes":""},"class_list":["post-6193","page","type-page","status-publish","hentry"],"acf":[],"_links":{"self":[{"href":"https:\/\/almadomus.pt\/en\/wp-json\/wp\/v2\/pages\/6193","targetHints":{"allow":["GET"]}}],"collection":[{"href":"https:\/\/almadomus.pt\/en\/wp-json\/wp\/v2\/pages"}],"about":[{"href":"https:\/\/almadomus.pt\/en\/wp-json\/wp\/v2\/types\/page"}],"author":[{"embeddable":true,"href":"https:\/\/almadomus.pt\/en\/wp-json\/wp\/v2\/users\/1"}],"replies":[{"embeddable":true,"href":"https:\/\/almadomus.pt\/en\/wp-json\/wp\/v2\/comments?post=6193"}],"version-history":[{"count":0,"href":"https:\/\/almadomus.pt\/en\/wp-json\/wp\/v2\/pages\/6193\/revisions"}],"wp:attachment":[{"href":"https:\/\/almadomus.pt\/en\/wp-json\/wp\/v2\/media?parent=6193"}],"curies":[{"name":"wp","href":"https:\/\/api.w.org\/{rel}","templated":true}]}}