{"id":6198,"date":"2022-04-08T16:09:43","date_gmt":"2022-04-08T16:09:43","guid":{"rendered":"http:\/\/almadomus.pt\/?page_id=6198"},"modified":"2022-06-29T23:19:39","modified_gmt":"2022-06-29T23:19:39","slug":"cookies-e-definicoes","status":"publish","type":"page","link":"https:\/\/almadomus.pt\/en\/cookies-e-definicoes\/","title":{"rendered":"Cookies and Settings"},"content":{"rendered":"<div data-elementor-type=\"wp-page\" data-elementor-id=\"6198\" class=\"elementor elementor-6198\">\n\t\t\t\t\t\t\t\t\t<section class=\"elementor-section elementor-top-section elementor-element elementor-element-3dcb27e6 elementor-section-boxed elementor-section-height-default elementor-section-height-default\" data-id=\"3dcb27e6\" data-element_type=\"section\">\n\t\t\t\t\t\t<div class=\"elementor-container elementor-column-gap-default\">\n\t\t\t\t\t<div class=\"elementor-column elementor-col-100 elementor-top-column elementor-element elementor-element-423feec5\" data-id=\"423feec5\" data-element_type=\"column\">\n\t\t\t<div class=\"elementor-widget-wrap elementor-element-populated\">\n\t\t\t\t\t\t\t\t<div class=\"elementor-element elementor-element-f79355e elementor-widget elementor-widget-heading\" data-id=\"f79355e\" data-element_type=\"widget\" data-settings=\"{&quot;aos_animation_name&quot;:&quot;none&quot;}\" data-widget_type=\"heading.default\">\n\t\t\t\t<div class=\"elementor-widget-container\">\n\t\t\t<style>\/*! elementor - v3.6.6 - 08-06-2022 *\/\n.elementor-heading-title{padding:0;margin:0;line-height:1}.elementor-widget-heading .elementor-heading-title[class*=elementor-size-]>a{color:inherit;font-size:inherit;line-height:inherit}.elementor-widget-heading .elementor-heading-title.elementor-size-small{font-size:15px}.elementor-widget-heading .elementor-heading-title.elementor-size-medium{font-size:19px}.elementor-widget-heading .elementor-heading-title.elementor-size-large{font-size:29px}.elementor-widget-heading .elementor-heading-title.elementor-size-xl{font-size:39px}.elementor-widget-heading .elementor-heading-title.elementor-size-xxl{font-size:59px}<\/style><h3 class=\"elementor-heading-title elementor-size-default\">Cookie Policy<\/h3>\t\t<\/div>\n\t\t\t\t<\/div>\n\t\t\t\t<div class=\"elementor-element elementor-element-2b0459a elementor-widget elementor-widget-heading\" data-id=\"2b0459a\" data-element_type=\"widget\" data-settings=\"{&quot;aos_animation_name&quot;:&quot;none&quot;}\" data-widget_type=\"heading.default\">\n\t\t\t\t<div class=\"elementor-widget-container\">\n\t\t\t<h5 class=\"elementor-heading-title elementor-size-default\">What is a cookie?<\/h5>\t\t<\/div>\n\t\t\t\t<\/div>\n\t\t\t\t<div class=\"elementor-element elementor-element-6a5f11b elementor-widget elementor-widget-text-editor\" data-id=\"6a5f11b\" data-element_type=\"widget\" data-settings=\"{&quot;aos_animation_name&quot;:&quot;none&quot;}\" data-widget_type=\"text-editor.default\">\n\t\t\t\t<div class=\"elementor-widget-container\">\n\t\t\t<style>\/*! elementor - v3.6.6 - 08-06-2022 *\/\n.elementor-widget-text-editor.elementor-drop-cap-view-stacked .elementor-drop-cap{background-color:#818a91;color:#fff}.elementor-widget-text-editor.elementor-drop-cap-view-framed .elementor-drop-cap{color:#818a91;border:3px solid;background-color:transparent}.elementor-widget-text-editor:not(.elementor-drop-cap-view-default) .elementor-drop-cap{margin-top:8px}.elementor-widget-text-editor:not(.elementor-drop-cap-view-default) .elementor-drop-cap-letter{width:1em;height:1em}.elementor-widget-text-editor .elementor-drop-cap{float:left;text-align:center;line-height:1;font-size:50px}.elementor-widget-text-editor .elementor-drop-cap-letter{display:inline-block}<\/style>\t\t\t\t<p>A cookie is a file that is imported into your computer or other device when you access certain web pages that collect information about your browsing on these web pages. In some cases, cookies are necessary to facilitate browsing and allow information to be saved and recovered about a user's browsing habits or equipment, among others, and depending on the information they contain and the way you use your equipment, they can be used to recognise the user.<\/p>\t\t\t\t\t\t<\/div>\n\t\t\t\t<\/div>\n\t\t\t\t<div class=\"elementor-element elementor-element-53d0ba7 elementor-widget elementor-widget-heading\" data-id=\"53d0ba7\" data-element_type=\"widget\" data-settings=\"{&quot;aos_animation_name&quot;:&quot;none&quot;}\" data-widget_type=\"heading.default\">\n\t\t\t\t<div class=\"elementor-widget-container\">\n\t\t\t<h5 class=\"elementor-heading-title elementor-size-default\">Identification of the cookies used<\/h5>\t\t<\/div>\n\t\t\t\t<\/div>\n\t\t\t\t<div class=\"elementor-element elementor-element-b3846b2 elementor-widget elementor-widget-text-editor\" data-id=\"b3846b2\" data-element_type=\"widget\" data-settings=\"{&quot;aos_animation_name&quot;:&quot;none&quot;}\" data-widget_type=\"text-editor.default\">\n\t\t\t\t<div class=\"elementor-widget-container\">\n\t\t\t\t\t\t\t<p>Own cookies: These are those that are sent to the user's terminal equipment from a device or domain managed by the editor itself and from which the service requested by the user is provided.<\/p><p>\u2022 Own cookies: These are those that are sent to the user's terminal equipment from a device or domain managed by the editor itself and from which the service requested by the user is provided.<\/p><p>\u2022 Third-party cookies: These are cookies that are sent to the user's terminal equipment from a device or domain not managed by the publisher, but by another entity that processes the data collected through cookies.<\/p><p>\u2022 Session cookies: collect and store data when the user accesses a web page.<\/p><p>\u2022 Technical cookies: they allow the user to navigate through a website, platform or application and use the different options or services therein.<\/p><p>\u2022 Personalisation Cookies: These allow the user to access the service with certain characteristics of a general nature that are pre-set according to a series of criteria in the user's terminal, such as the language, the type of browser through which the service is accessed, the regional configuration of the location from which the service is accessed, etc.<\/p><p>\u2022 Analysis Cookies: These allow the party responsible for them to monitor and analyse the behaviour of the users of the websites to which they are linked. The information collected through this type of cookie is used to measure the activity of the websites, application or platform and to draw up navigation profiles of the users of these websites, applications and platforms, with the aim of introducing improvements in the analysis function of the data on the use of the service users.<\/p><p>Para saber quais os cookies guardados pelo seu browser, poder\u00e1 utilizar as ferramentas dispon\u00edveis no seu browser ou consultar <a href=\"https:\/\/www.wikihow.com\/View-Cookies\" target=\"_blank\" rel=\"noopener\">https:\/\/www.wikihow.com\/View-Cookies<\/a>.<\/p><p>\u2022 Internet Explorer: Tools -&gt; Internet Options -&gt; General -&gt; Settings (History) -&gt; View files For more information, you can consult Microsoft support or the browser's Help.<\/p><p>\u2022 Firefox: Menu -&gt; Preferences -&gt; Privacy and Security -&gt; History (custom settings) -&gt; Show cookies -&gt; Expand row with desired website to see cookies from that website.<\/p><p>\u2022 Chrome: Preferences -&gt; Advanced -&gt; Content Settings -&gt; Cookies -&gt; All cookies and site data. For more information you can consult Google's help centre or the browser's Help.<\/p><p>\u2022 Safari: Preferences -&gt; Privacy -&gt; Manage sites' data. For more information, please consult Apple support or your browser's Help.<\/p>\t\t\t\t\t\t<\/div>\n\t\t\t\t<\/div>\n\t\t\t\t<div class=\"elementor-element elementor-element-173e1c6 elementor-widget elementor-widget-heading\" data-id=\"173e1c6\" data-element_type=\"widget\" data-settings=\"{&quot;aos_animation_name&quot;:&quot;none&quot;}\" data-widget_type=\"heading.default\">\n\t\t\t\t<div class=\"elementor-widget-container\">\n\t\t\t<h5 class=\"elementor-heading-title elementor-size-default\">Disabling or deleting cookies belonging to Google Analytics<\/h5>\t\t<\/div>\n\t\t\t\t<\/div>\n\t\t\t\t<div class=\"elementor-element elementor-element-85cf73b elementor-widget elementor-widget-text-editor\" data-id=\"85cf73b\" data-element_type=\"widget\" data-settings=\"{&quot;aos_animation_name&quot;:&quot;none&quot;}\" data-widget_type=\"text-editor.default\">\n\t\t\t\t<div class=\"elementor-widget-container\">\n\t\t\t\t\t\t\t<div>The present uses services for the analysis of user navigation, such as Google Analytics. The information collected by the cookies about user browsing and interaction (including IP address) with this website is sent to and stored by Google.<\/div>\n<div>&nbsp;<\/div>\n<div>The data from these services is used for the purpose of evaluating the overall use of the website and compiling usage reports in order to improve the browsing experience.<\/div>\n<div>&nbsp;<\/div>\n<p>Se aceitar a utiliza\u00e7\u00e3o de cookies pertencentes ao Google Analytics poder\u00e1 desinstal\u00e1-los posteriormente atrav\u00e9s da configura\u00e7\u00e3o do seu navegador, tal como indicado antes, ou atrav\u00e9s da instala\u00e7\u00e3o do suplemento de desativa\u00e7\u00e3o do Google Analytics: <a href=\"https:\/\/tools.google.com\/dlpage\/gaoptout?hl=pt\" target=\"_blank\">https:\/\/tools.google.com\/dlpage\/gaoptout?hl=pt<\/a><br>We remind you that when deleting personalisation cookies you will have to update your preferences every time you log in to our website or, if you use a different device, profile, computer or browser, you will have to indicate your preferences to us again. Similarly, this deletion may prevent some features from working correctly.<\/p>\t\t\t\t\t\t<\/div>\n\t\t\t\t<\/div>\n\t\t\t\t<div class=\"elementor-element elementor-element-cd2863b elementor-widget elementor-widget-heading\" data-id=\"cd2863b\" data-element_type=\"widget\" data-settings=\"{&quot;aos_animation_name&quot;:&quot;none&quot;}\" data-widget_type=\"heading.default\">\n\t\t\t\t<div class=\"elementor-widget-container\">\n\t\t\t<h5 class=\"elementor-heading-title elementor-size-default\">Social Networking Buttons<\/h5>\t\t<\/div>\n\t\t\t\t<\/div>\n\t\t\t\t<div class=\"elementor-element elementor-element-91cf0a7 elementor-widget elementor-widget-text-editor\" data-id=\"91cf0a7\" data-element_type=\"widget\" data-settings=\"{&quot;aos_animation_name&quot;:&quot;none&quot;}\" data-widget_type=\"text-editor.default\">\n\t\t\t\t<div class=\"elementor-widget-container\">\n\t\t\t\t\t\t\t<p>We use social networking buttons to enable our users to share web pages or select them as favourites. These are buttons for external social networking websites. These sites may record information regarding your activities on the internet, including our website.\u2028You can review the terms of use and privacy policies of these websites to learn exactly how they use the information and to learn how you can delete or erase this information.<\/p>\t\t\t\t\t\t<\/div>\n\t\t\t\t<\/div>\n\t\t\t\t<div class=\"elementor-element elementor-element-99b4645 elementor-widget elementor-widget-heading\" data-id=\"99b4645\" data-element_type=\"widget\" data-settings=\"{&quot;aos_animation_name&quot;:&quot;none&quot;}\" data-widget_type=\"heading.default\">\n\t\t\t\t<div class=\"elementor-widget-container\">\n\t\t\t<h5 class=\"elementor-heading-title elementor-size-default\">External web services<\/h5>\t\t<\/div>\n\t\t\t\t<\/div>\n\t\t\t\t<div class=\"elementor-element elementor-element-f3f06c3 elementor-widget elementor-widget-text-editor\" data-id=\"f3f06c3\" data-element_type=\"widget\" data-settings=\"{&quot;aos_animation_name&quot;:&quot;none&quot;}\" data-widget_type=\"text-editor.default\">\n\t\t\t\t<div class=\"elementor-widget-container\">\n\t\t\t\t\t\t\t<p>We sometimes use external web services to display content within our web pages. For example, to show virtual tours, images, videos, graphics, infographics, maps or to conduct surveys. As with social media buttons, we cannot prevent these external websites or domains from collecting information about your use of this embedded content.<\/p>\t\t\t\t\t\t<\/div>\n\t\t\t\t<\/div>\n\t\t\t\t<div class=\"elementor-element elementor-element-0b37022 elementor-widget elementor-widget-heading\" data-id=\"0b37022\" data-element_type=\"widget\" data-settings=\"{&quot;aos_animation_name&quot;:&quot;none&quot;}\" data-widget_type=\"heading.default\">\n\t\t\t\t<div class=\"elementor-widget-container\">\n\t\t\t<h5 class=\"elementor-heading-title elementor-size-default\">Email communications<\/h5>\t\t<\/div>\n\t\t\t\t<\/div>\n\t\t\t\t<div class=\"elementor-element elementor-element-d455276 elementor-widget elementor-widget-text-editor\" data-id=\"d455276\" data-element_type=\"widget\" data-settings=\"{&quot;aos_animation_name&quot;:&quot;none&quot;}\" data-widget_type=\"text-editor.default\">\n\t\t\t\t<div class=\"elementor-widget-container\">\n\t\t\t\t\t\t\t<p>We may also use tracking technologies to learn whether particular emails sent by us have been read, clicked on or forwarded. These technologies allow us to make our communications more useful and interesting. If you do not want us to confirm that you have opened, clicked on, or forwarded our emails, you need to turn off this feature, as we cannot send these emails with the tracking feature turned off. Registered users can update their communication preferences at any time by contacting us, or they can disable this function by following the instructions included in our email communications.<\/p>\n<p>A Alma Domus n\u00e3o assume qualquer responsabilidade por problemas legais ou t\u00e9cnicos causados pelo incumprimento por parte do utilizador das recomenda\u00e7\u00f5es indicadas. A presente comunica\u00e7\u00e3o destina-se a conhecimento e utiliza\u00e7\u00e3o pelos utilizadores e, por conseguinte, n\u00e3o deve ser utilizada para qualquer outra finalidade.<\/p>\n<p>Almadomus.pt is not responsible for the content and veracity of third-party privacy policies included in this cookie policy.<br>Em caso de d\u00favida relativamente \u00e0 presente pol\u00edtica de cookies, contacte-nos atrav\u00e9s de alma.domus@almadomus.pt<\/p>\t\t\t\t\t\t<\/div>\n\t\t\t\t<\/div>\n\t\t\t\t\t<\/div>\n\t\t<\/div>\n\t\t\t\t\t\t\t<\/div>\n\t\t<\/section>\n\t\t\t\t\t\t\t<\/div>","protected":false},"excerpt":{"rendered":"<p>Pol\u00edtica de Cookies O que \u00e9 um cookie? Consiste num ficheiro que \u00e9 importado para o seu computador ou para outro dispositivo quando acede a determinadas p\u00e1ginas web que recolhem informa\u00e7\u00f5es acerca da sua navega\u00e7\u00e3o nas referidas p\u00e1ginas web. Em alguns casos, os cookies s\u00e3o necess\u00e1rios para facilitar a navega\u00e7\u00e3o e permitem guardar e recuperar [&hellip;]<\/p>","protected":false},"author":1,"featured_media":0,"parent":0,"menu_order":69,"comment_status":"closed","ping_status":"closed","template":"","meta":{"_mi_skip_tracking":false,"_vp_format_video_url":"","_vp_image_focal_point":[],"footnotes":""},"class_list":["post-6198","page","type-page","status-publish","hentry"],"acf":[],"_links":{"self":[{"href":"https:\/\/almadomus.pt\/en\/wp-json\/wp\/v2\/pages\/6198","targetHints":{"allow":["GET"]}}],"collection":[{"href":"https:\/\/almadomus.pt\/en\/wp-json\/wp\/v2\/pages"}],"about":[{"href":"https:\/\/almadomus.pt\/en\/wp-json\/wp\/v2\/types\/page"}],"author":[{"embeddable":true,"href":"https:\/\/almadomus.pt\/en\/wp-json\/wp\/v2\/users\/1"}],"replies":[{"embeddable":true,"href":"https:\/\/almadomus.pt\/en\/wp-json\/wp\/v2\/comments?post=6198"}],"version-history":[{"count":6,"href":"https:\/\/almadomus.pt\/en\/wp-json\/wp\/v2\/pages\/6198\/revisions"}],"predecessor-version":[{"id":7125,"href":"https:\/\/almadomus.pt\/en\/wp-json\/wp\/v2\/pages\/6198\/revisions\/7125"}],"wp:attachment":[{"href":"https:\/\/almadomus.pt\/en\/wp-json\/wp\/v2\/media?parent=6198"}],"curies":[{"name":"wp","href":"https:\/\/api.w.org\/{rel}","templated":true}]}}